{"id":12,"date":"2021-03-29T17:12:01","date_gmt":"2021-03-29T17:12:01","guid":{"rendered":"https:\/\/portrait-puppen-malerei.com\/?page_id=12"},"modified":"2021-04-06T16:32:42","modified_gmt":"2021-04-06T16:32:42","slug":"aquarell","status":"publish","type":"page","link":"https:\/\/portrait-puppen-malerei.com\/?page_id=12","title":{"rendered":"Aquarell"},"content":{"rendered":"\n<p>Beim Aquarell ist es die Leichtigkeit, der Augenblick, der fl\u00fcchtige Eindruck welcher fasziniert. Diese Form der Malerei erm\u00f6glicht sowohl die Darstellung von Landschaften, von Architektur, oder ihrer Beziehung, als auch die Lenkung der Aufmerksamkeit auf kleine Details und Ausschnitte der Realit\u00e4t, und dabei immer noch locker und freischwebend zu bleiben. Daf\u00fcr stehen vielf\u00e4ltige Techniken zur Verf\u00fcgung, die je nach Thema gew\u00e4hlt werden. Schon seit vielen Jahren vermittle ich in Kursen sowohl die Techniken des Aquarellierens als auch die Begeisterung f\u00fcr diese Form der Freiheit in der Malerei.<\/p>\n\n\n\n<figure class=\"is-layout-flex wp-block-gallery-1 wp-block-gallery columns-3 is-cropped\"><ul class=\"blocks-gallery-grid\"><li class=\"blocks-gallery-item\"><figure><img decoding=\"async\" loading=\"lazy\" width=\"448\" height=\"600\" src=\"https:\/\/portrait-puppen-malerei.com\/wp-content\/uploads\/2021\/04\/AQU02.jpg\" alt=\"\" data-id=\"73\" data-full-url=\"https:\/\/portrait-puppen-malerei.com\/wp-content\/uploads\/2021\/04\/AQU02.jpg\" data-link=\"https:\/\/portrait-puppen-malerei.com\/?attachment_id=73\" class=\"wp-image-73\" srcset=\"https:\/\/portrait-puppen-malerei.com\/wp-content\/uploads\/2021\/04\/AQU02.jpg 448w, https:\/\/portrait-puppen-malerei.com\/wp-content\/uploads\/2021\/04\/AQU02-224x300.jpg 224w\" sizes=\"(max-width: 448px) 100vw, 448px\" \/><\/figure><\/li><li class=\"blocks-gallery-item\"><figure><img decoding=\"async\" loading=\"lazy\" width=\"476\" height=\"640\" src=\"https:\/\/portrait-puppen-malerei.com\/wp-content\/uploads\/2021\/04\/AQU03.jpg\" alt=\"\" data-id=\"74\" data-full-url=\"https:\/\/portrait-puppen-malerei.com\/wp-content\/uploads\/2021\/04\/AQU03.jpg\" data-link=\"https:\/\/portrait-puppen-malerei.com\/?attachment_id=74\" class=\"wp-image-74\" srcset=\"https:\/\/portrait-puppen-malerei.com\/wp-content\/uploads\/2021\/04\/AQU03.jpg 476w, https:\/\/portrait-puppen-malerei.com\/wp-content\/uploads\/2021\/04\/AQU03-223x300.jpg 223w\" sizes=\"(max-width: 476px) 100vw, 476px\" \/><\/figure><\/li><li class=\"blocks-gallery-item\"><figure><img decoding=\"async\" loading=\"lazy\" width=\"422\" height=\"600\" src=\"https:\/\/portrait-puppen-malerei.com\/wp-content\/uploads\/2021\/04\/AQU04.jpg\" alt=\"\" data-id=\"75\" data-full-url=\"https:\/\/portrait-puppen-malerei.com\/wp-content\/uploads\/2021\/04\/AQU04.jpg\" data-link=\"https:\/\/portrait-puppen-malerei.com\/?attachment_id=75\" class=\"wp-image-75\" srcset=\"https:\/\/portrait-puppen-malerei.com\/wp-content\/uploads\/2021\/04\/AQU04.jpg 422w, https:\/\/portrait-puppen-malerei.com\/wp-content\/uploads\/2021\/04\/AQU04-211x300.jpg 211w\" sizes=\"(max-width: 422px) 100vw, 422px\" \/><\/figure><\/li><li class=\"blocks-gallery-item\"><figure><img decoding=\"async\" loading=\"lazy\" width=\"600\" height=\"441\" src=\"https:\/\/portrait-puppen-malerei.com\/wp-content\/uploads\/2021\/04\/AQU05.jpg\" alt=\"\" data-id=\"76\" data-full-url=\"https:\/\/portrait-puppen-malerei.com\/wp-content\/uploads\/2021\/04\/AQU05.jpg\" data-link=\"https:\/\/portrait-puppen-malerei.com\/?attachment_id=76\" class=\"wp-image-76\" srcset=\"https:\/\/portrait-puppen-malerei.com\/wp-content\/uploads\/2021\/04\/AQU05.jpg 600w, https:\/\/portrait-puppen-malerei.com\/wp-content\/uploads\/2021\/04\/AQU05-300x221.jpg 300w\" sizes=\"(max-width: 600px) 100vw, 600px\" \/><\/figure><\/li><li class=\"blocks-gallery-item\"><figure><img decoding=\"async\" loading=\"lazy\" width=\"450\" height=\"600\" src=\"https:\/\/portrait-puppen-malerei.com\/wp-content\/uploads\/2021\/04\/AQU06.jpg\" alt=\"\" data-id=\"77\" data-full-url=\"https:\/\/portrait-puppen-malerei.com\/wp-content\/uploads\/2021\/04\/AQU06.jpg\" data-link=\"https:\/\/portrait-puppen-malerei.com\/?attachment_id=77\" class=\"wp-image-77\" srcset=\"https:\/\/portrait-puppen-malerei.com\/wp-content\/uploads\/2021\/04\/AQU06.jpg 450w, https:\/\/portrait-puppen-malerei.com\/wp-content\/uploads\/2021\/04\/AQU06-225x300.jpg 225w\" sizes=\"(max-width: 450px) 100vw, 450px\" \/><\/figure><\/li><li class=\"blocks-gallery-item\"><figure><img decoding=\"async\" loading=\"lazy\" width=\"459\" height=\"600\" src=\"https:\/\/portrait-puppen-malerei.com\/wp-content\/uploads\/2021\/04\/AQU07.jpg\" alt=\"\" data-id=\"78\" data-full-url=\"https:\/\/portrait-puppen-malerei.com\/wp-content\/uploads\/2021\/04\/AQU07.jpg\" data-link=\"https:\/\/portrait-puppen-malerei.com\/?attachment_id=78\" class=\"wp-image-78\" srcset=\"https:\/\/portrait-puppen-malerei.com\/wp-content\/uploads\/2021\/04\/AQU07.jpg 459w, https:\/\/portrait-puppen-malerei.com\/wp-content\/uploads\/2021\/04\/AQU07-230x300.jpg 230w\" sizes=\"(max-width: 459px) 100vw, 459px\" \/><\/figure><\/li><li class=\"blocks-gallery-item\"><figure><img decoding=\"async\" loading=\"lazy\" width=\"448\" height=\"600\" src=\"https:\/\/portrait-puppen-malerei.com\/wp-content\/uploads\/2021\/04\/AQU08.jpg\" alt=\"\" data-id=\"79\" data-full-url=\"https:\/\/portrait-puppen-malerei.com\/wp-content\/uploads\/2021\/04\/AQU08.jpg\" data-link=\"https:\/\/portrait-puppen-malerei.com\/?attachment_id=79\" class=\"wp-image-79\" srcset=\"https:\/\/portrait-puppen-malerei.com\/wp-content\/uploads\/2021\/04\/AQU08.jpg 448w, https:\/\/portrait-puppen-malerei.com\/wp-content\/uploads\/2021\/04\/AQU08-224x300.jpg 224w\" sizes=\"(max-width: 448px) 100vw, 448px\" \/><\/figure><\/li><li class=\"blocks-gallery-item\"><figure><img decoding=\"async\" loading=\"lazy\" width=\"640\" height=\"465\" src=\"https:\/\/portrait-puppen-malerei.com\/wp-content\/uploads\/2021\/04\/AQU09.jpg\" alt=\"\" data-id=\"80\" data-full-url=\"https:\/\/portrait-puppen-malerei.com\/wp-content\/uploads\/2021\/04\/AQU09.jpg\" data-link=\"https:\/\/portrait-puppen-malerei.com\/?attachment_id=80\" class=\"wp-image-80\" srcset=\"https:\/\/portrait-puppen-malerei.com\/wp-content\/uploads\/2021\/04\/AQU09.jpg 640w, https:\/\/portrait-puppen-malerei.com\/wp-content\/uploads\/2021\/04\/AQU09-300x218.jpg 300w\" sizes=\"(max-width: 640px) 100vw, 640px\" \/><\/figure><\/li><li class=\"blocks-gallery-item\"><figure><img decoding=\"async\" loading=\"lazy\" width=\"640\" height=\"466\" src=\"https:\/\/portrait-puppen-malerei.com\/wp-content\/uploads\/2021\/04\/AQU10.jpg\" alt=\"\" data-id=\"81\" data-full-url=\"https:\/\/portrait-puppen-malerei.com\/wp-content\/uploads\/2021\/04\/AQU10.jpg\" data-link=\"https:\/\/portrait-puppen-malerei.com\/?attachment_id=81\" class=\"wp-image-81\" srcset=\"https:\/\/portrait-puppen-malerei.com\/wp-content\/uploads\/2021\/04\/AQU10.jpg 640w, https:\/\/portrait-puppen-malerei.com\/wp-content\/uploads\/2021\/04\/AQU10-300x218.jpg 300w\" sizes=\"(max-width: 640px) 100vw, 640px\" \/><\/figure><\/li><li class=\"blocks-gallery-item\"><figure><img decoding=\"async\" loading=\"lazy\" width=\"640\" height=\"468\" src=\"https:\/\/portrait-puppen-malerei.com\/wp-content\/uploads\/2021\/04\/AQU11.jpg\" alt=\"\" data-id=\"82\" data-full-url=\"https:\/\/portrait-puppen-malerei.com\/wp-content\/uploads\/2021\/04\/AQU11.jpg\" data-link=\"https:\/\/portrait-puppen-malerei.com\/?attachment_id=82\" class=\"wp-image-82\" srcset=\"https:\/\/portrait-puppen-malerei.com\/wp-content\/uploads\/2021\/04\/AQU11.jpg 640w, https:\/\/portrait-puppen-malerei.com\/wp-content\/uploads\/2021\/04\/AQU11-300x219.jpg 300w\" sizes=\"(max-width: 640px) 100vw, 640px\" \/><\/figure><\/li><li class=\"blocks-gallery-item\"><figure><img decoding=\"async\" loading=\"lazy\" width=\"640\" height=\"456\" src=\"https:\/\/portrait-puppen-malerei.com\/wp-content\/uploads\/2021\/04\/AQU12.jpg\" alt=\"\" data-id=\"83\" data-full-url=\"https:\/\/portrait-puppen-malerei.com\/wp-content\/uploads\/2021\/04\/AQU12.jpg\" data-link=\"https:\/\/portrait-puppen-malerei.com\/?attachment_id=83\" class=\"wp-image-83\" srcset=\"https:\/\/portrait-puppen-malerei.com\/wp-content\/uploads\/2021\/04\/AQU12.jpg 640w, https:\/\/portrait-puppen-malerei.com\/wp-content\/uploads\/2021\/04\/AQU12-300x214.jpg 300w\" sizes=\"(max-width: 640px) 100vw, 640px\" \/><\/figure><\/li><li class=\"blocks-gallery-item\"><figure><img decoding=\"async\" loading=\"lazy\" width=\"640\" height=\"470\" src=\"https:\/\/portrait-puppen-malerei.com\/wp-content\/uploads\/2021\/04\/AQU13.jpg\" alt=\"\" data-id=\"84\" data-full-url=\"https:\/\/portrait-puppen-malerei.com\/wp-content\/uploads\/2021\/04\/AQU13.jpg\" data-link=\"https:\/\/portrait-puppen-malerei.com\/?attachment_id=84\" class=\"wp-image-84\" srcset=\"https:\/\/portrait-puppen-malerei.com\/wp-content\/uploads\/2021\/04\/AQU13.jpg 640w, https:\/\/portrait-puppen-malerei.com\/wp-content\/uploads\/2021\/04\/AQU13-300x220.jpg 300w\" sizes=\"(max-width: 640px) 100vw, 640px\" \/><\/figure><\/li><li class=\"blocks-gallery-item\"><figure><img decoding=\"async\" loading=\"lazy\" width=\"640\" height=\"472\" src=\"https:\/\/portrait-puppen-malerei.com\/wp-content\/uploads\/2021\/04\/AQU14.jpg\" alt=\"\" data-id=\"85\" data-full-url=\"https:\/\/portrait-puppen-malerei.com\/wp-content\/uploads\/2021\/04\/AQU14.jpg\" data-link=\"https:\/\/portrait-puppen-malerei.com\/?attachment_id=85\" class=\"wp-image-85\" srcset=\"https:\/\/portrait-puppen-malerei.com\/wp-content\/uploads\/2021\/04\/AQU14.jpg 640w, https:\/\/portrait-puppen-malerei.com\/wp-content\/uploads\/2021\/04\/AQU14-300x221.jpg 300w\" sizes=\"(max-width: 640px) 100vw, 640px\" \/><\/figure><\/li><li class=\"blocks-gallery-item\"><figure><img decoding=\"async\" loading=\"lazy\" width=\"640\" height=\"481\" src=\"https:\/\/portrait-puppen-malerei.com\/wp-content\/uploads\/2021\/04\/AQU15.jpg\" alt=\"\" data-id=\"86\" data-full-url=\"https:\/\/portrait-puppen-malerei.com\/wp-content\/uploads\/2021\/04\/AQU15.jpg\" data-link=\"https:\/\/portrait-puppen-malerei.com\/?attachment_id=86\" class=\"wp-image-86\" srcset=\"https:\/\/portrait-puppen-malerei.com\/wp-content\/uploads\/2021\/04\/AQU15.jpg 640w, https:\/\/portrait-puppen-malerei.com\/wp-content\/uploads\/2021\/04\/AQU15-300x225.jpg 300w\" sizes=\"(max-width: 640px) 100vw, 640px\" \/><\/figure><\/li><li class=\"blocks-gallery-item\"><figure><img decoding=\"async\" loading=\"lazy\" width=\"640\" height=\"480\" src=\"https:\/\/portrait-puppen-malerei.com\/wp-content\/uploads\/2021\/04\/AQU16.jpg\" alt=\"\" data-id=\"87\" data-full-url=\"https:\/\/portrait-puppen-malerei.com\/wp-content\/uploads\/2021\/04\/AQU16.jpg\" data-link=\"https:\/\/portrait-puppen-malerei.com\/?attachment_id=87\" class=\"wp-image-87\" srcset=\"https:\/\/portrait-puppen-malerei.com\/wp-content\/uploads\/2021\/04\/AQU16.jpg 640w, https:\/\/portrait-puppen-malerei.com\/wp-content\/uploads\/2021\/04\/AQU16-300x225.jpg 300w\" sizes=\"(max-width: 640px) 100vw, 640px\" \/><\/figure><\/li><li class=\"blocks-gallery-item\"><figure><img decoding=\"async\" loading=\"lazy\" width=\"640\" height=\"482\" src=\"https:\/\/portrait-puppen-malerei.com\/wp-content\/uploads\/2021\/04\/AQU17.jpg\" alt=\"\" data-id=\"88\" data-full-url=\"https:\/\/portrait-puppen-malerei.com\/wp-content\/uploads\/2021\/04\/AQU17.jpg\" data-link=\"https:\/\/portrait-puppen-malerei.com\/?attachment_id=88\" class=\"wp-image-88\" srcset=\"https:\/\/portrait-puppen-malerei.com\/wp-content\/uploads\/2021\/04\/AQU17.jpg 640w, https:\/\/portrait-puppen-malerei.com\/wp-content\/uploads\/2021\/04\/AQU17-300x226.jpg 300w\" sizes=\"(max-width: 640px) 100vw, 640px\" \/><\/figure><\/li><li class=\"blocks-gallery-item\"><figure><img decoding=\"async\" loading=\"lazy\" width=\"466\" height=\"640\" src=\"https:\/\/portrait-puppen-malerei.com\/wp-content\/uploads\/2021\/04\/AQU18.jpg\" alt=\"\" data-id=\"89\" data-full-url=\"https:\/\/portrait-puppen-malerei.com\/wp-content\/uploads\/2021\/04\/AQU18.jpg\" data-link=\"https:\/\/portrait-puppen-malerei.com\/?attachment_id=89\" class=\"wp-image-89\" srcset=\"https:\/\/portrait-puppen-malerei.com\/wp-content\/uploads\/2021\/04\/AQU18.jpg 466w, https:\/\/portrait-puppen-malerei.com\/wp-content\/uploads\/2021\/04\/AQU18-218x300.jpg 218w\" sizes=\"(max-width: 466px) 100vw, 466px\" \/><\/figure><\/li><li class=\"blocks-gallery-item\"><figure><img decoding=\"async\" loading=\"lazy\" width=\"449\" height=\"640\" src=\"https:\/\/portrait-puppen-malerei.com\/wp-content\/uploads\/2021\/04\/AQU19.jpg\" alt=\"\" data-id=\"90\" data-full-url=\"https:\/\/portrait-puppen-malerei.com\/wp-content\/uploads\/2021\/04\/AQU19.jpg\" data-link=\"https:\/\/portrait-puppen-malerei.com\/?attachment_id=90\" class=\"wp-image-90\" srcset=\"https:\/\/portrait-puppen-malerei.com\/wp-content\/uploads\/2021\/04\/AQU19.jpg 449w, https:\/\/portrait-puppen-malerei.com\/wp-content\/uploads\/2021\/04\/AQU19-210x300.jpg 210w\" sizes=\"(max-width: 449px) 100vw, 449px\" \/><\/figure><\/li><li class=\"blocks-gallery-item\"><figure><img decoding=\"async\" loading=\"lazy\" width=\"528\" height=\"640\" src=\"https:\/\/portrait-puppen-malerei.com\/wp-content\/uploads\/2021\/04\/AQU20.jpg\" alt=\"\" data-id=\"91\" data-full-url=\"https:\/\/portrait-puppen-malerei.com\/wp-content\/uploads\/2021\/04\/AQU20.jpg\" data-link=\"https:\/\/portrait-puppen-malerei.com\/?attachment_id=91\" class=\"wp-image-91\" srcset=\"https:\/\/portrait-puppen-malerei.com\/wp-content\/uploads\/2021\/04\/AQU20.jpg 528w, https:\/\/portrait-puppen-malerei.com\/wp-content\/uploads\/2021\/04\/AQU20-248x300.jpg 248w\" sizes=\"(max-width: 528px) 100vw, 528px\" \/><\/figure><\/li><li class=\"blocks-gallery-item\"><figure><img decoding=\"async\" loading=\"lazy\" width=\"478\" height=\"640\" src=\"https:\/\/portrait-puppen-malerei.com\/wp-content\/uploads\/2021\/04\/AQU21.jpg\" alt=\"\" data-id=\"92\" data-full-url=\"https:\/\/portrait-puppen-malerei.com\/wp-content\/uploads\/2021\/04\/AQU21.jpg\" data-link=\"https:\/\/portrait-puppen-malerei.com\/?attachment_id=92\" class=\"wp-image-92\" srcset=\"https:\/\/portrait-puppen-malerei.com\/wp-content\/uploads\/2021\/04\/AQU21.jpg 478w, https:\/\/portrait-puppen-malerei.com\/wp-content\/uploads\/2021\/04\/AQU21-224x300.jpg 224w\" sizes=\"(max-width: 478px) 100vw, 478px\" \/><\/figure><\/li><li class=\"blocks-gallery-item\"><figure><img decoding=\"async\" loading=\"lazy\" width=\"640\" height=\"456\" src=\"https:\/\/portrait-puppen-malerei.com\/wp-content\/uploads\/2021\/04\/AQU22.jpg\" alt=\"\" data-id=\"93\" data-full-url=\"https:\/\/portrait-puppen-malerei.com\/wp-content\/uploads\/2021\/04\/AQU22.jpg\" data-link=\"https:\/\/portrait-puppen-malerei.com\/?attachment_id=93\" class=\"wp-image-93\" srcset=\"https:\/\/portrait-puppen-malerei.com\/wp-content\/uploads\/2021\/04\/AQU22.jpg 640w, https:\/\/portrait-puppen-malerei.com\/wp-content\/uploads\/2021\/04\/AQU22-300x214.jpg 300w\" sizes=\"(max-width: 640px) 100vw, 640px\" \/><\/figure><\/li><li class=\"blocks-gallery-item\"><figure><img decoding=\"async\" loading=\"lazy\" width=\"640\" height=\"462\" src=\"https:\/\/portrait-puppen-malerei.com\/wp-content\/uploads\/2021\/04\/AQU23.jpg\" alt=\"\" data-id=\"94\" data-full-url=\"https:\/\/portrait-puppen-malerei.com\/wp-content\/uploads\/2021\/04\/AQU23.jpg\" data-link=\"https:\/\/portrait-puppen-malerei.com\/?attachment_id=94\" class=\"wp-image-94\" srcset=\"https:\/\/portrait-puppen-malerei.com\/wp-content\/uploads\/2021\/04\/AQU23.jpg 640w, https:\/\/portrait-puppen-malerei.com\/wp-content\/uploads\/2021\/04\/AQU23-300x217.jpg 300w\" sizes=\"(max-width: 640px) 100vw, 640px\" \/><\/figure><\/li><li class=\"blocks-gallery-item\"><figure><img decoding=\"async\" loading=\"lazy\" width=\"517\" height=\"640\" src=\"https:\/\/portrait-puppen-malerei.com\/wp-content\/uploads\/2021\/04\/AQU24.jpg\" alt=\"\" data-id=\"95\" data-full-url=\"https:\/\/portrait-puppen-malerei.com\/wp-content\/uploads\/2021\/04\/AQU24.jpg\" data-link=\"https:\/\/portrait-puppen-malerei.com\/?attachment_id=95\" class=\"wp-image-95\" srcset=\"https:\/\/portrait-puppen-malerei.com\/wp-content\/uploads\/2021\/04\/AQU24.jpg 517w, https:\/\/portrait-puppen-malerei.com\/wp-content\/uploads\/2021\/04\/AQU24-242x300.jpg 242w\" sizes=\"(max-width: 517px) 100vw, 517px\" \/><\/figure><\/li><li class=\"blocks-gallery-item\"><figure><img decoding=\"async\" loading=\"lazy\" width=\"519\" height=\"640\" src=\"https:\/\/portrait-puppen-malerei.com\/wp-content\/uploads\/2021\/04\/AQU25.jpg\" alt=\"\" data-id=\"96\" data-full-url=\"https:\/\/portrait-puppen-malerei.com\/wp-content\/uploads\/2021\/04\/AQU25.jpg\" data-link=\"https:\/\/portrait-puppen-malerei.com\/?attachment_id=96\" class=\"wp-image-96\" srcset=\"https:\/\/portrait-puppen-malerei.com\/wp-content\/uploads\/2021\/04\/AQU25.jpg 519w, https:\/\/portrait-puppen-malerei.com\/wp-content\/uploads\/2021\/04\/AQU25-243x300.jpg 243w\" sizes=\"(max-width: 519px) 100vw, 519px\" \/><\/figure><\/li><li class=\"blocks-gallery-item\"><figure><img decoding=\"async\" loading=\"lazy\" width=\"443\" height=\"640\" src=\"https:\/\/portrait-puppen-malerei.com\/wp-content\/uploads\/2021\/04\/AQU26.jpg\" alt=\"\" data-id=\"97\" data-full-url=\"https:\/\/portrait-puppen-malerei.com\/wp-content\/uploads\/2021\/04\/AQU26.jpg\" data-link=\"https:\/\/portrait-puppen-malerei.com\/?attachment_id=97\" class=\"wp-image-97\" srcset=\"https:\/\/portrait-puppen-malerei.com\/wp-content\/uploads\/2021\/04\/AQU26.jpg 443w, https:\/\/portrait-puppen-malerei.com\/wp-content\/uploads\/2021\/04\/AQU26-208x300.jpg 208w\" sizes=\"(max-width: 443px) 100vw, 443px\" \/><\/figure><\/li><li class=\"blocks-gallery-item\"><figure><img decoding=\"async\" loading=\"lazy\" width=\"640\" height=\"472\" src=\"https:\/\/portrait-puppen-malerei.com\/wp-content\/uploads\/2021\/04\/AQU27.jpg\" alt=\"\" data-id=\"98\" data-full-url=\"https:\/\/portrait-puppen-malerei.com\/wp-content\/uploads\/2021\/04\/AQU27.jpg\" data-link=\"https:\/\/portrait-puppen-malerei.com\/?attachment_id=98\" class=\"wp-image-98\" srcset=\"https:\/\/portrait-puppen-malerei.com\/wp-content\/uploads\/2021\/04\/AQU27.jpg 640w, https:\/\/portrait-puppen-malerei.com\/wp-content\/uploads\/2021\/04\/AQU27-300x221.jpg 300w\" sizes=\"(max-width: 640px) 100vw, 640px\" \/><\/figure><\/li><li class=\"blocks-gallery-item\"><figure><img decoding=\"async\" loading=\"lazy\" width=\"483\" height=\"640\" src=\"https:\/\/portrait-puppen-malerei.com\/wp-content\/uploads\/2021\/04\/AQU28.jpg\" alt=\"\" data-id=\"99\" data-full-url=\"https:\/\/portrait-puppen-malerei.com\/wp-content\/uploads\/2021\/04\/AQU28.jpg\" data-link=\"https:\/\/portrait-puppen-malerei.com\/?attachment_id=99\" class=\"wp-image-99\" srcset=\"https:\/\/portrait-puppen-malerei.com\/wp-content\/uploads\/2021\/04\/AQU28.jpg 483w, https:\/\/portrait-puppen-malerei.com\/wp-content\/uploads\/2021\/04\/AQU28-226x300.jpg 226w\" sizes=\"(max-width: 483px) 100vw, 483px\" \/><\/figure><\/li><li class=\"blocks-gallery-item\"><figure><img decoding=\"async\" loading=\"lazy\" width=\"640\" height=\"479\" src=\"https:\/\/portrait-puppen-malerei.com\/wp-content\/uploads\/2021\/04\/AQU29.jpg\" alt=\"\" data-id=\"100\" data-full-url=\"https:\/\/portrait-puppen-malerei.com\/wp-content\/uploads\/2021\/04\/AQU29.jpg\" data-link=\"https:\/\/portrait-puppen-malerei.com\/?attachment_id=100\" class=\"wp-image-100\" srcset=\"https:\/\/portrait-puppen-malerei.com\/wp-content\/uploads\/2021\/04\/AQU29.jpg 640w, https:\/\/portrait-puppen-malerei.com\/wp-content\/uploads\/2021\/04\/AQU29-300x225.jpg 300w\" sizes=\"(max-width: 640px) 100vw, 640px\" \/><\/figure><\/li><li class=\"blocks-gallery-item\"><figure><img decoding=\"async\" loading=\"lazy\" width=\"640\" height=\"490\" src=\"https:\/\/portrait-puppen-malerei.com\/wp-content\/uploads\/2021\/04\/AQU30.jpg\" alt=\"\" data-id=\"101\" data-full-url=\"https:\/\/portrait-puppen-malerei.com\/wp-content\/uploads\/2021\/04\/AQU30.jpg\" data-link=\"https:\/\/portrait-puppen-malerei.com\/?attachment_id=101\" class=\"wp-image-101\" srcset=\"https:\/\/portrait-puppen-malerei.com\/wp-content\/uploads\/2021\/04\/AQU30.jpg 640w, https:\/\/portrait-puppen-malerei.com\/wp-content\/uploads\/2021\/04\/AQU30-300x230.jpg 300w\" sizes=\"(max-width: 640px) 100vw, 640px\" \/><\/figure><\/li><li class=\"blocks-gallery-item\"><figure><img decoding=\"async\" loading=\"lazy\" width=\"451\" height=\"640\" src=\"https:\/\/portrait-puppen-malerei.com\/wp-content\/uploads\/2021\/04\/AQU31.jpg\" alt=\"\" data-id=\"102\" data-full-url=\"https:\/\/portrait-puppen-malerei.com\/wp-content\/uploads\/2021\/04\/AQU31.jpg\" data-link=\"https:\/\/portrait-puppen-malerei.com\/?attachment_id=102\" class=\"wp-image-102\" srcset=\"https:\/\/portrait-puppen-malerei.com\/wp-content\/uploads\/2021\/04\/AQU31.jpg 451w, https:\/\/portrait-puppen-malerei.com\/wp-content\/uploads\/2021\/04\/AQU31-211x300.jpg 211w\" sizes=\"(max-width: 451px) 100vw, 451px\" \/><\/figure><\/li><\/ul><\/figure>\n","protected":false},"excerpt":{"rendered":"<p>Beim Aquarell ist es die Leichtigkeit, der Augenblick, der fl\u00fcchtige Eindruck welcher fasziniert. Diese Form der Malerei erm\u00f6glicht sowohl die Darstellung von Landschaften, von Architektur, oder ihrer Beziehung, als auch die Lenkung der Aufmerksamkeit auf kleine Details und Ausschnitte der Realit\u00e4t, und dabei immer noch locker und freischwebend zu bleiben. Daf\u00fcr stehen vielf\u00e4ltige Techniken zur [&hellip;]<\/p>\n","protected":false},"author":1,"featured_media":0,"parent":0,"menu_order":0,"comment_status":"closed","ping_status":"closed","template":"","meta":[],"_links":{"self":[{"href":"https:\/\/portrait-puppen-malerei.com\/index.php?rest_route=\/wp\/v2\/pages\/12"}],"collection":[{"href":"https:\/\/portrait-puppen-malerei.com\/index.php?rest_route=\/wp\/v2\/pages"}],"about":[{"href":"https:\/\/portrait-puppen-malerei.com\/index.php?rest_route=\/wp\/v2\/types\/page"}],"author":[{"embeddable":true,"href":"https:\/\/portrait-puppen-malerei.com\/index.php?rest_route=\/wp\/v2\/users\/1"}],"replies":[{"embeddable":true,"href":"https:\/\/portrait-puppen-malerei.com\/index.php?rest_route=%2Fwp%2Fv2%2Fcomments&post=12"}],"version-history":[{"count":3,"href":"https:\/\/portrait-puppen-malerei.com\/index.php?rest_route=\/wp\/v2\/pages\/12\/revisions"}],"predecessor-version":[{"id":246,"href":"https:\/\/portrait-puppen-malerei.com\/index.php?rest_route=\/wp\/v2\/pages\/12\/revisions\/246"}],"wp:attachment":[{"href":"https:\/\/portrait-puppen-malerei.com\/index.php?rest_route=%2Fwp%2Fv2%2Fmedia&parent=12"}],"curies":[{"name":"wp","href":"https:\/\/api.w.org\/{rel}","templated":true}]}}