{"id":13,"date":"2021-03-29T17:12:01","date_gmt":"2021-03-29T17:12:01","guid":{"rendered":"https:\/\/portrait-puppen-malerei.com\/?page_id=13"},"modified":"2021-04-17T08:59:15","modified_gmt":"2021-04-17T08:59:15","slug":"acryl","status":"publish","type":"page","link":"https:\/\/portrait-puppen-malerei.com\/?page_id=13","title":{"rendered":"Acryl"},"content":{"rendered":"\n<p>Die Acrylmalerei gew\u00e4hrt wohl die gr\u00f6\u00dften Freiheiten, da es hier m\u00f6glich ist, sehr gro\u00dfformatig und spontan zu malen. Zudem bietet sich hier das Spiel mit der Leuchtkraft der Farben an. In der Acrylmalerei lassen sich k\u00fcnstlerische Ideen am unmittelbarsten umsetzen. Durch das Malmedium zu raschem Handeln gezwungen entstehen sehr unmittelbare und kraftvolle Bilder, welche auch das Temperament der K\u00fcnstlerin und des K\u00fcnstlers widerspiegeln. Daher eine meiner liebsten Formen der Malerei. Zudem bietet die Acrylmalerei neugierigen Malinteressierten einen optimalen Einstieg in die Welt der eigenen Kunst.<\/p>\n\n\n\n<p>Preise auf Anfrage. Info: Telefonnummer: 0676\/3536073<\/p>\n\n\n\n<figure class=\"is-layout-flex wp-block-gallery-1 wp-block-gallery columns-3 is-cropped\"><ul class=\"blocks-gallery-grid\"><li class=\"blocks-gallery-item\"><figure><img decoding=\"async\" loading=\"lazy\" width=\"579\" height=\"600\" src=\"https:\/\/portrait-puppen-malerei.com\/wp-content\/uploads\/2021\/04\/ACR01.jpg\" alt=\"\" data-id=\"248\" data-full-url=\"https:\/\/portrait-puppen-malerei.com\/wp-content\/uploads\/2021\/04\/ACR01.jpg\" data-link=\"https:\/\/portrait-puppen-malerei.com\/?attachment_id=248\" class=\"wp-image-248\" srcset=\"https:\/\/portrait-puppen-malerei.com\/wp-content\/uploads\/2021\/04\/ACR01.jpg 579w, https:\/\/portrait-puppen-malerei.com\/wp-content\/uploads\/2021\/04\/ACR01-290x300.jpg 290w\" sizes=\"(max-width: 579px) 100vw, 579px\" \/><figcaption class=\"blocks-gallery-item__caption\">Waldweg. Acryl auf Platte 60&#215;80<\/figcaption><\/figure><\/li><li class=\"blocks-gallery-item\"><figure><img decoding=\"async\" loading=\"lazy\" width=\"570\" height=\"600\" src=\"https:\/\/portrait-puppen-malerei.com\/wp-content\/uploads\/2021\/04\/ACR02.jpg\" alt=\"\" data-id=\"249\" data-full-url=\"https:\/\/portrait-puppen-malerei.com\/wp-content\/uploads\/2021\/04\/ACR02.jpg\" data-link=\"https:\/\/portrait-puppen-malerei.com\/?attachment_id=249\" class=\"wp-image-249\" srcset=\"https:\/\/portrait-puppen-malerei.com\/wp-content\/uploads\/2021\/04\/ACR02.jpg 570w, https:\/\/portrait-puppen-malerei.com\/wp-content\/uploads\/2021\/04\/ACR02-285x300.jpg 285w\" sizes=\"(max-width: 570px) 100vw, 570px\" \/><figcaption class=\"blocks-gallery-item__caption\">Inspiration Toscana. Acryl auf Platte 60&#215;80<\/figcaption><\/figure><\/li><li class=\"blocks-gallery-item\"><figure><img decoding=\"async\" loading=\"lazy\" width=\"514\" height=\"600\" src=\"https:\/\/portrait-puppen-malerei.com\/wp-content\/uploads\/2021\/04\/ACR03.jpg\" alt=\"\" data-id=\"250\" data-full-url=\"https:\/\/portrait-puppen-malerei.com\/wp-content\/uploads\/2021\/04\/ACR03.jpg\" data-link=\"https:\/\/portrait-puppen-malerei.com\/?attachment_id=250\" class=\"wp-image-250\" srcset=\"https:\/\/portrait-puppen-malerei.com\/wp-content\/uploads\/2021\/04\/ACR03.jpg 514w, https:\/\/portrait-puppen-malerei.com\/wp-content\/uploads\/2021\/04\/ACR03-257x300.jpg 257w\" sizes=\"(max-width: 514px) 100vw, 514px\" \/><figcaption class=\"blocks-gallery-item__caption\">2 Jahreszeiten. Acryl auf Platte 60&#215;80<\/figcaption><\/figure><\/li><li class=\"blocks-gallery-item\"><figure><img decoding=\"async\" loading=\"lazy\" width=\"640\" height=\"576\" src=\"https:\/\/portrait-puppen-malerei.com\/wp-content\/uploads\/2021\/04\/ACR11.jpg\" alt=\"\" data-id=\"258\" data-full-url=\"https:\/\/portrait-puppen-malerei.com\/wp-content\/uploads\/2021\/04\/ACR11.jpg\" data-link=\"https:\/\/portrait-puppen-malerei.com\/?attachment_id=258\" class=\"wp-image-258\" srcset=\"https:\/\/portrait-puppen-malerei.com\/wp-content\/uploads\/2021\/04\/ACR11.jpg 640w, https:\/\/portrait-puppen-malerei.com\/wp-content\/uploads\/2021\/04\/ACR11-300x270.jpg 300w\" sizes=\"(max-width: 640px) 100vw, 640px\" \/><figcaption class=\"blocks-gallery-item__caption\">Buchenwald im Herbst. Acryl auf Platte 60&#215;80<\/figcaption><\/figure><\/li><li class=\"blocks-gallery-item\"><figure><img decoding=\"async\" loading=\"lazy\" width=\"363\" height=\"489\" src=\"https:\/\/portrait-puppen-malerei.com\/wp-content\/uploads\/2021\/04\/ACR05.jpg\" alt=\"\" data-id=\"252\" data-full-url=\"https:\/\/portrait-puppen-malerei.com\/wp-content\/uploads\/2021\/04\/ACR05.jpg\" data-link=\"https:\/\/portrait-puppen-malerei.com\/?attachment_id=252\" class=\"wp-image-252\" srcset=\"https:\/\/portrait-puppen-malerei.com\/wp-content\/uploads\/2021\/04\/ACR05.jpg 363w, https:\/\/portrait-puppen-malerei.com\/wp-content\/uploads\/2021\/04\/ACR05-223x300.jpg 223w\" sizes=\"(max-width: 363px) 100vw, 363px\" \/><figcaption class=\"blocks-gallery-item__caption\">Clown I. Acryl auf Leinwand 50&#215;50<\/figcaption><\/figure><\/li><li class=\"blocks-gallery-item\"><figure><img decoding=\"async\" loading=\"lazy\" width=\"400\" height=\"545\" src=\"https:\/\/portrait-puppen-malerei.com\/wp-content\/uploads\/2021\/04\/ACR06.jpg\" alt=\"\" data-id=\"253\" data-full-url=\"https:\/\/portrait-puppen-malerei.com\/wp-content\/uploads\/2021\/04\/ACR06.jpg\" data-link=\"https:\/\/portrait-puppen-malerei.com\/?attachment_id=253\" class=\"wp-image-253\" srcset=\"https:\/\/portrait-puppen-malerei.com\/wp-content\/uploads\/2021\/04\/ACR06.jpg 400w, https:\/\/portrait-puppen-malerei.com\/wp-content\/uploads\/2021\/04\/ACR06-220x300.jpg 220w\" sizes=\"(max-width: 400px) 100vw, 400px\" \/><figcaption class=\"blocks-gallery-item__caption\">Clown II. Acryl auf Leinwand 50&#215;50<\/figcaption><\/figure><\/li><li class=\"blocks-gallery-item\"><figure><img decoding=\"async\" loading=\"lazy\" width=\"420\" height=\"571\" src=\"https:\/\/portrait-puppen-malerei.com\/wp-content\/uploads\/2021\/04\/ACR07.jpg\" alt=\"\" data-id=\"254\" data-full-url=\"https:\/\/portrait-puppen-malerei.com\/wp-content\/uploads\/2021\/04\/ACR07.jpg\" data-link=\"https:\/\/portrait-puppen-malerei.com\/?attachment_id=254\" class=\"wp-image-254\" srcset=\"https:\/\/portrait-puppen-malerei.com\/wp-content\/uploads\/2021\/04\/ACR07.jpg 420w, https:\/\/portrait-puppen-malerei.com\/wp-content\/uploads\/2021\/04\/ACR07-221x300.jpg 221w\" sizes=\"(max-width: 420px) 100vw, 420px\" \/><figcaption class=\"blocks-gallery-item__caption\">Clown III. Acryl auf Leinwand 50&#215;50<\/figcaption><\/figure><\/li><li class=\"blocks-gallery-item\"><figure><img decoding=\"async\" loading=\"lazy\" width=\"401\" height=\"568\" src=\"https:\/\/portrait-puppen-malerei.com\/wp-content\/uploads\/2021\/04\/ACR08.jpg\" alt=\"\" data-id=\"255\" data-full-url=\"https:\/\/portrait-puppen-malerei.com\/wp-content\/uploads\/2021\/04\/ACR08.jpg\" data-link=\"https:\/\/portrait-puppen-malerei.com\/?attachment_id=255\" class=\"wp-image-255\" srcset=\"https:\/\/portrait-puppen-malerei.com\/wp-content\/uploads\/2021\/04\/ACR08.jpg 401w, https:\/\/portrait-puppen-malerei.com\/wp-content\/uploads\/2021\/04\/ACR08-212x300.jpg 212w\" sizes=\"(max-width: 401px) 100vw, 401px\" \/><figcaption class=\"blocks-gallery-item__caption\">Clown IV. Acryl auf Leinwand 50&#215;50<\/figcaption><\/figure><\/li><li class=\"blocks-gallery-item\"><figure><img decoding=\"async\" loading=\"lazy\" width=\"470\" height=\"640\" src=\"https:\/\/portrait-puppen-malerei.com\/wp-content\/uploads\/2021\/04\/ACR10.jpg\" alt=\"\" data-id=\"257\" data-full-url=\"https:\/\/portrait-puppen-malerei.com\/wp-content\/uploads\/2021\/04\/ACR10.jpg\" data-link=\"https:\/\/portrait-puppen-malerei.com\/?attachment_id=257\" class=\"wp-image-257\" srcset=\"https:\/\/portrait-puppen-malerei.com\/wp-content\/uploads\/2021\/04\/ACR10.jpg 470w, https:\/\/portrait-puppen-malerei.com\/wp-content\/uploads\/2021\/04\/ACR10-220x300.jpg 220w\" sizes=\"(max-width: 470px) 100vw, 470px\" \/><figcaption class=\"blocks-gallery-item__caption\">Beobachtung. Acryl auf Leinwand 60&#215;80<\/figcaption><\/figure><\/li><li class=\"blocks-gallery-item\"><figure><img decoding=\"async\" loading=\"lazy\" width=\"621\" height=\"616\" src=\"https:\/\/portrait-puppen-malerei.com\/wp-content\/uploads\/2021\/04\/ACR12.jpg\" alt=\"\" data-id=\"259\" data-full-url=\"https:\/\/portrait-puppen-malerei.com\/wp-content\/uploads\/2021\/04\/ACR12.jpg\" data-link=\"https:\/\/portrait-puppen-malerei.com\/?attachment_id=259\" class=\"wp-image-259\" srcset=\"https:\/\/portrait-puppen-malerei.com\/wp-content\/uploads\/2021\/04\/ACR12.jpg 621w, https:\/\/portrait-puppen-malerei.com\/wp-content\/uploads\/2021\/04\/ACR12-300x298.jpg 300w, https:\/\/portrait-puppen-malerei.com\/wp-content\/uploads\/2021\/04\/ACR12-150x150.jpg 150w\" sizes=\"(max-width: 621px) 100vw, 621px\" \/><figcaption class=\"blocks-gallery-item__caption\">Feuerspiegelung am Meer. Acryl auf Platte 60&#215;80<\/figcaption><\/figure><\/li><li class=\"blocks-gallery-item\"><figure><img decoding=\"async\" loading=\"lazy\" width=\"640\" height=\"479\" src=\"https:\/\/portrait-puppen-malerei.com\/wp-content\/uploads\/2021\/04\/ACR13.jpg\" alt=\"\" data-id=\"260\" data-full-url=\"https:\/\/portrait-puppen-malerei.com\/wp-content\/uploads\/2021\/04\/ACR13.jpg\" data-link=\"https:\/\/portrait-puppen-malerei.com\/?attachment_id=260\" class=\"wp-image-260\" srcset=\"https:\/\/portrait-puppen-malerei.com\/wp-content\/uploads\/2021\/04\/ACR13.jpg 640w, https:\/\/portrait-puppen-malerei.com\/wp-content\/uploads\/2021\/04\/ACR13-300x225.jpg 300w\" sizes=\"(max-width: 640px) 100vw, 640px\" \/><figcaption class=\"blocks-gallery-item__caption\">Nach dem Gewitter. Acryl auf Platte 55&#215;40<\/figcaption><\/figure><\/li><li class=\"blocks-gallery-item\"><figure><img decoding=\"async\" loading=\"lazy\" width=\"640\" height=\"480\" src=\"https:\/\/portrait-puppen-malerei.com\/wp-content\/uploads\/2021\/04\/ACR14.jpg\" alt=\"\" data-id=\"261\" data-full-url=\"https:\/\/portrait-puppen-malerei.com\/wp-content\/uploads\/2021\/04\/ACR14.jpg\" data-link=\"https:\/\/portrait-puppen-malerei.com\/?attachment_id=261\" class=\"wp-image-261\" srcset=\"https:\/\/portrait-puppen-malerei.com\/wp-content\/uploads\/2021\/04\/ACR14.jpg 640w, https:\/\/portrait-puppen-malerei.com\/wp-content\/uploads\/2021\/04\/ACR14-300x225.jpg 300w\" sizes=\"(max-width: 640px) 100vw, 640px\" \/><figcaption class=\"blocks-gallery-item__caption\">Die Feuerfrau. Acryl auf Platte 100&#215;80<\/figcaption><\/figure><\/li><li class=\"blocks-gallery-item\"><figure><img decoding=\"async\" loading=\"lazy\" width=\"583\" height=\"640\" src=\"https:\/\/portrait-puppen-malerei.com\/wp-content\/uploads\/2021\/04\/ACR17.jpg\" alt=\"\" data-id=\"264\" data-full-url=\"https:\/\/portrait-puppen-malerei.com\/wp-content\/uploads\/2021\/04\/ACR17.jpg\" data-link=\"https:\/\/portrait-puppen-malerei.com\/?attachment_id=264\" class=\"wp-image-264\" srcset=\"https:\/\/portrait-puppen-malerei.com\/wp-content\/uploads\/2021\/04\/ACR17.jpg 583w, https:\/\/portrait-puppen-malerei.com\/wp-content\/uploads\/2021\/04\/ACR17-273x300.jpg 273w\" sizes=\"(max-width: 583px) 100vw, 583px\" \/><figcaption class=\"blocks-gallery-item__caption\">Lichtdurchbruch. Acryl auf Platte 60&#215;40<\/figcaption><\/figure><\/li><li class=\"blocks-gallery-item\"><figure><img decoding=\"async\" loading=\"lazy\" width=\"632\" height=\"640\" src=\"https:\/\/portrait-puppen-malerei.com\/wp-content\/uploads\/2021\/04\/ACR18.jpg\" alt=\"\" data-id=\"265\" data-full-url=\"https:\/\/portrait-puppen-malerei.com\/wp-content\/uploads\/2021\/04\/ACR18.jpg\" data-link=\"https:\/\/portrait-puppen-malerei.com\/?attachment_id=265\" class=\"wp-image-265\" srcset=\"https:\/\/portrait-puppen-malerei.com\/wp-content\/uploads\/2021\/04\/ACR18.jpg 632w, https:\/\/portrait-puppen-malerei.com\/wp-content\/uploads\/2021\/04\/ACR18-296x300.jpg 296w\" sizes=\"(max-width: 632px) 100vw, 632px\" \/><figcaption class=\"blocks-gallery-item__caption\">W\u00e4chter der Tiefe. Acryl auf Platte 60&#215;60<\/figcaption><\/figure><\/li><li class=\"blocks-gallery-item\"><figure><img decoding=\"async\" loading=\"lazy\" width=\"640\" height=\"472\" src=\"https:\/\/portrait-puppen-malerei.com\/wp-content\/uploads\/2021\/04\/ACR19.jpg\" alt=\"\" data-id=\"266\" data-full-url=\"https:\/\/portrait-puppen-malerei.com\/wp-content\/uploads\/2021\/04\/ACR19.jpg\" data-link=\"https:\/\/portrait-puppen-malerei.com\/?attachment_id=266\" class=\"wp-image-266\" srcset=\"https:\/\/portrait-puppen-malerei.com\/wp-content\/uploads\/2021\/04\/ACR19.jpg 640w, https:\/\/portrait-puppen-malerei.com\/wp-content\/uploads\/2021\/04\/ACR19-300x221.jpg 300w\" sizes=\"(max-width: 640px) 100vw, 640px\" \/><figcaption class=\"blocks-gallery-item__caption\">Spiegelung am Ufer. Acryl auf Leinwand 100&#215;80<\/figcaption><\/figure><\/li><\/ul><\/figure>\n","protected":false},"excerpt":{"rendered":"<p>Die Acrylmalerei gew\u00e4hrt wohl die gr\u00f6\u00dften Freiheiten, da es hier m\u00f6glich ist, sehr gro\u00dfformatig und spontan zu malen. Zudem bietet sich hier das Spiel mit der Leuchtkraft der Farben an. In der Acrylmalerei lassen sich k\u00fcnstlerische Ideen am unmittelbarsten umsetzen. Durch das Malmedium zu raschem Handeln gezwungen entstehen sehr unmittelbare und kraftvolle Bilder, welche auch [&hellip;]<\/p>\n","protected":false},"author":1,"featured_media":0,"parent":0,"menu_order":0,"comment_status":"closed","ping_status":"closed","template":"","meta":[],"_links":{"self":[{"href":"https:\/\/portrait-puppen-malerei.com\/index.php?rest_route=\/wp\/v2\/pages\/13"}],"collection":[{"href":"https:\/\/portrait-puppen-malerei.com\/index.php?rest_route=\/wp\/v2\/pages"}],"about":[{"href":"https:\/\/portrait-puppen-malerei.com\/index.php?rest_route=\/wp\/v2\/types\/page"}],"author":[{"embeddable":true,"href":"https:\/\/portrait-puppen-malerei.com\/index.php?rest_route=\/wp\/v2\/users\/1"}],"replies":[{"embeddable":true,"href":"https:\/\/portrait-puppen-malerei.com\/index.php?rest_route=%2Fwp%2Fv2%2Fcomments&post=13"}],"version-history":[{"count":7,"href":"https:\/\/portrait-puppen-malerei.com\/index.php?rest_route=\/wp\/v2\/pages\/13\/revisions"}],"predecessor-version":[{"id":356,"href":"https:\/\/portrait-puppen-malerei.com\/index.php?rest_route=\/wp\/v2\/pages\/13\/revisions\/356"}],"wp:attachment":[{"href":"https:\/\/portrait-puppen-malerei.com\/index.php?rest_route=%2Fwp%2Fv2%2Fmedia&parent=13"}],"curies":[{"name":"wp","href":"https:\/\/api.w.org\/{rel}","templated":true}]}}