{"id":17,"date":"2021-03-29T17:12:01","date_gmt":"2021-03-29T17:12:01","guid":{"rendered":"https:\/\/portrait-puppen-malerei.com\/?page_id=17"},"modified":"2021-04-06T16:19:07","modified_gmt":"2021-04-06T16:19:07","slug":"koryphaum","status":"publish","type":"page","link":"https:\/\/portrait-puppen-malerei.com\/?page_id=17","title":{"rendered":"Koryph\u00e4um &#8211; Lebensgro\u00dfe Figuren"},"content":{"rendered":"\n<p>Im Jahr 1997 wurde ich mit der Fertigung lebensgro\u00dfer Figuren im Figurenkabinett Koryph\u00e4um betraut. Das Koryph\u00e4um auf Burg Forchtenstein Burgenland ein von der EU gef\u00f6rdertes Projekt entstand.<\/p>\n\n\n\n<p>&#8220;Weltweit einzigartig sind im Koryph\u00e4um einige der bedeutesten Gem\u00e4lde der Geschichte abendl\u00e4ndischer Malkunst dargestellt. Es sind begehbare Meisterwerke in einer dreidimensionalen Bildergalerie, figurale Kompositionen, die dem Original des Bildes ohne Anspruch auf Vollst\u00e4ndigkeit, doch erstaunlich getreu, folgen. (\u2026) F\u00fcnf Jahrhunderte bildender Kunst spiegeln sich in der Wiedergabe der lebensgro\u00dfen Figuren. Von der Renaissance-Malerei bis zur Sp\u00e4tklassik, von religi\u00f6sen und sozialkritischen Themen bis hin zum genialen Portrait sieht der Betrachter Kunstwerke aus einem v\u00f6llig neuen Blickwinkel&#8221; und hat das Gef\u00fchl selbst Teil dieser Bildgruppen zu sein.<\/p>\n\n\n\n<p>Alle Figuren sind Unikate und wurden in die Bereiche &#8220;Alte Meister&#8221;, &#8220;Impressionisten&#8221;, &#8220;Expressionisten&#8221; sowie deren Umfeld und &#8220;\u00d6sterreichische Maler&#8221; unterteilt.<\/p>\n\n\n\n<h2>Flyer:<\/h2>\n\n\n\n<figure class=\"is-layout-flex wp-block-gallery-1 wp-block-gallery columns-2 is-cropped\"><ul class=\"blocks-gallery-grid\"><li class=\"blocks-gallery-item\"><figure><img decoding=\"async\" loading=\"lazy\" width=\"610\" height=\"640\" src=\"https:\/\/portrait-puppen-malerei.com\/wp-content\/uploads\/2021\/04\/KOR06.jpg\" alt=\"\" data-id=\"209\" data-full-url=\"https:\/\/portrait-puppen-malerei.com\/wp-content\/uploads\/2021\/04\/KOR06.jpg\" data-link=\"https:\/\/portrait-puppen-malerei.com\/?attachment_id=209\" class=\"wp-image-209\" srcset=\"https:\/\/portrait-puppen-malerei.com\/wp-content\/uploads\/2021\/04\/KOR06.jpg 610w, https:\/\/portrait-puppen-malerei.com\/wp-content\/uploads\/2021\/04\/KOR06-286x300.jpg 286w\" sizes=\"(max-width: 610px) 100vw, 610px\" \/><\/figure><\/li><li class=\"blocks-gallery-item\"><figure><img decoding=\"async\" loading=\"lazy\" width=\"589\" height=\"640\" src=\"https:\/\/portrait-puppen-malerei.com\/wp-content\/uploads\/2021\/04\/KOR07.jpg\" alt=\"\" data-id=\"210\" data-full-url=\"https:\/\/portrait-puppen-malerei.com\/wp-content\/uploads\/2021\/04\/KOR07.jpg\" data-link=\"https:\/\/portrait-puppen-malerei.com\/?attachment_id=210\" class=\"wp-image-210\" srcset=\"https:\/\/portrait-puppen-malerei.com\/wp-content\/uploads\/2021\/04\/KOR07.jpg 589w, https:\/\/portrait-puppen-malerei.com\/wp-content\/uploads\/2021\/04\/KOR07-276x300.jpg 276w\" sizes=\"(max-width: 589px) 100vw, 589px\" \/><\/figure><\/li><li class=\"blocks-gallery-item\"><figure><img decoding=\"async\" loading=\"lazy\" width=\"589\" height=\"640\" src=\"https:\/\/portrait-puppen-malerei.com\/wp-content\/uploads\/2021\/04\/KOR08.jpg\" alt=\"\" data-id=\"211\" data-full-url=\"https:\/\/portrait-puppen-malerei.com\/wp-content\/uploads\/2021\/04\/KOR08.jpg\" data-link=\"https:\/\/portrait-puppen-malerei.com\/?attachment_id=211\" class=\"wp-image-211\" srcset=\"https:\/\/portrait-puppen-malerei.com\/wp-content\/uploads\/2021\/04\/KOR08.jpg 589w, https:\/\/portrait-puppen-malerei.com\/wp-content\/uploads\/2021\/04\/KOR08-276x300.jpg 276w\" sizes=\"(max-width: 589px) 100vw, 589px\" \/><\/figure><\/li><li class=\"blocks-gallery-item\"><figure><img decoding=\"async\" loading=\"lazy\" width=\"593\" height=\"640\" src=\"https:\/\/portrait-puppen-malerei.com\/wp-content\/uploads\/2021\/04\/KOR09.jpg\" alt=\"\" data-id=\"212\" data-full-url=\"https:\/\/portrait-puppen-malerei.com\/wp-content\/uploads\/2021\/04\/KOR09.jpg\" data-link=\"https:\/\/portrait-puppen-malerei.com\/?attachment_id=212\" class=\"wp-image-212\" srcset=\"https:\/\/portrait-puppen-malerei.com\/wp-content\/uploads\/2021\/04\/KOR09.jpg 593w, https:\/\/portrait-puppen-malerei.com\/wp-content\/uploads\/2021\/04\/KOR09-278x300.jpg 278w\" sizes=\"(max-width: 593px) 100vw, 593px\" \/><\/figure><\/li><\/ul><\/figure>\n\n\n\n<p><\/p>\n\n\n\n<h2>Bildgalerie:<\/h2>\n\n\n\n<figure class=\"is-layout-flex wp-block-gallery-3 wp-block-gallery columns-3\"><ul class=\"blocks-gallery-grid\"><li class=\"blocks-gallery-item\"><figure><img decoding=\"async\" loading=\"lazy\" width=\"640\" height=\"385\" src=\"https:\/\/portrait-puppen-malerei.com\/wp-content\/uploads\/2021\/04\/KOR01.jpg\" alt=\"\" data-id=\"213\" data-full-url=\"https:\/\/portrait-puppen-malerei.com\/wp-content\/uploads\/2021\/04\/KOR01.jpg\" data-link=\"https:\/\/portrait-puppen-malerei.com\/?attachment_id=213\" class=\"wp-image-213\" srcset=\"https:\/\/portrait-puppen-malerei.com\/wp-content\/uploads\/2021\/04\/KOR01.jpg 640w, https:\/\/portrait-puppen-malerei.com\/wp-content\/uploads\/2021\/04\/KOR01-300x180.jpg 300w\" sizes=\"(max-width: 640px) 100vw, 640px\" \/><\/figure><\/li><li class=\"blocks-gallery-item\"><figure><img decoding=\"async\" loading=\"lazy\" width=\"431\" height=\"640\" src=\"https:\/\/portrait-puppen-malerei.com\/wp-content\/uploads\/2021\/04\/KOR02.jpg\" alt=\"\" data-id=\"214\" data-full-url=\"https:\/\/portrait-puppen-malerei.com\/wp-content\/uploads\/2021\/04\/KOR02.jpg\" data-link=\"https:\/\/portrait-puppen-malerei.com\/?attachment_id=214\" class=\"wp-image-214\" srcset=\"https:\/\/portrait-puppen-malerei.com\/wp-content\/uploads\/2021\/04\/KOR02.jpg 431w, https:\/\/portrait-puppen-malerei.com\/wp-content\/uploads\/2021\/04\/KOR02-202x300.jpg 202w\" sizes=\"(max-width: 431px) 100vw, 431px\" \/><\/figure><\/li><li class=\"blocks-gallery-item\"><figure><img decoding=\"async\" loading=\"lazy\" width=\"454\" height=\"640\" src=\"https:\/\/portrait-puppen-malerei.com\/wp-content\/uploads\/2021\/04\/KOR03.jpg\" alt=\"\" data-id=\"215\" data-full-url=\"https:\/\/portrait-puppen-malerei.com\/wp-content\/uploads\/2021\/04\/KOR03.jpg\" data-link=\"https:\/\/portrait-puppen-malerei.com\/?attachment_id=215\" class=\"wp-image-215\" srcset=\"https:\/\/portrait-puppen-malerei.com\/wp-content\/uploads\/2021\/04\/KOR03.jpg 454w, https:\/\/portrait-puppen-malerei.com\/wp-content\/uploads\/2021\/04\/KOR03-213x300.jpg 213w\" sizes=\"(max-width: 454px) 100vw, 454px\" \/><\/figure><\/li><li class=\"blocks-gallery-item\"><figure><img decoding=\"async\" loading=\"lazy\" width=\"398\" height=\"640\" src=\"https:\/\/portrait-puppen-malerei.com\/wp-content\/uploads\/2021\/04\/KOR03b.jpg\" alt=\"\" data-id=\"216\" data-full-url=\"https:\/\/portrait-puppen-malerei.com\/wp-content\/uploads\/2021\/04\/KOR03b.jpg\" data-link=\"https:\/\/portrait-puppen-malerei.com\/?attachment_id=216\" class=\"wp-image-216\" srcset=\"https:\/\/portrait-puppen-malerei.com\/wp-content\/uploads\/2021\/04\/KOR03b.jpg 398w, https:\/\/portrait-puppen-malerei.com\/wp-content\/uploads\/2021\/04\/KOR03b-187x300.jpg 187w\" sizes=\"(max-width: 398px) 100vw, 398px\" \/><\/figure><\/li><li class=\"blocks-gallery-item\"><figure><img decoding=\"async\" loading=\"lazy\" width=\"328\" height=\"640\" src=\"https:\/\/portrait-puppen-malerei.com\/wp-content\/uploads\/2021\/04\/KOR04.jpg\" alt=\"\" data-id=\"217\" data-full-url=\"https:\/\/portrait-puppen-malerei.com\/wp-content\/uploads\/2021\/04\/KOR04.jpg\" data-link=\"https:\/\/portrait-puppen-malerei.com\/?attachment_id=217\" class=\"wp-image-217\" srcset=\"https:\/\/portrait-puppen-malerei.com\/wp-content\/uploads\/2021\/04\/KOR04.jpg 328w, https:\/\/portrait-puppen-malerei.com\/wp-content\/uploads\/2021\/04\/KOR04-154x300.jpg 154w\" sizes=\"(max-width: 328px) 100vw, 328px\" \/><\/figure><\/li><li class=\"blocks-gallery-item\"><figure><img decoding=\"async\" loading=\"lazy\" width=\"452\" height=\"640\" src=\"https:\/\/portrait-puppen-malerei.com\/wp-content\/uploads\/2021\/04\/KOR04b.jpg\" alt=\"\" data-id=\"218\" data-full-url=\"https:\/\/portrait-puppen-malerei.com\/wp-content\/uploads\/2021\/04\/KOR04b.jpg\" data-link=\"https:\/\/portrait-puppen-malerei.com\/?attachment_id=218\" class=\"wp-image-218\" srcset=\"https:\/\/portrait-puppen-malerei.com\/wp-content\/uploads\/2021\/04\/KOR04b.jpg 452w, https:\/\/portrait-puppen-malerei.com\/wp-content\/uploads\/2021\/04\/KOR04b-212x300.jpg 212w\" sizes=\"(max-width: 452px) 100vw, 452px\" \/><\/figure><\/li><li class=\"blocks-gallery-item\"><figure><img decoding=\"async\" loading=\"lazy\" width=\"438\" height=\"640\" src=\"https:\/\/portrait-puppen-malerei.com\/wp-content\/uploads\/2021\/04\/KOR05.jpg\" alt=\"\" data-id=\"219\" data-full-url=\"https:\/\/portrait-puppen-malerei.com\/wp-content\/uploads\/2021\/04\/KOR05.jpg\" data-link=\"https:\/\/portrait-puppen-malerei.com\/?attachment_id=219\" class=\"wp-image-219\" srcset=\"https:\/\/portrait-puppen-malerei.com\/wp-content\/uploads\/2021\/04\/KOR05.jpg 438w, https:\/\/portrait-puppen-malerei.com\/wp-content\/uploads\/2021\/04\/KOR05-205x300.jpg 205w\" sizes=\"(max-width: 438px) 100vw, 438px\" \/><\/figure><\/li><li class=\"blocks-gallery-item\"><figure><img decoding=\"async\" loading=\"lazy\" width=\"640\" height=\"482\" src=\"https:\/\/portrait-puppen-malerei.com\/wp-content\/uploads\/2021\/04\/KOR10.jpg\" alt=\"\" data-id=\"220\" data-full-url=\"https:\/\/portrait-puppen-malerei.com\/wp-content\/uploads\/2021\/04\/KOR10.jpg\" data-link=\"https:\/\/portrait-puppen-malerei.com\/?attachment_id=220\" class=\"wp-image-220\" srcset=\"https:\/\/portrait-puppen-malerei.com\/wp-content\/uploads\/2021\/04\/KOR10.jpg 640w, https:\/\/portrait-puppen-malerei.com\/wp-content\/uploads\/2021\/04\/KOR10-300x226.jpg 300w\" sizes=\"(max-width: 640px) 100vw, 640px\" \/><\/figure><\/li><li class=\"blocks-gallery-item\"><figure><img decoding=\"async\" loading=\"lazy\" width=\"639\" height=\"637\" src=\"https:\/\/portrait-puppen-malerei.com\/wp-content\/uploads\/2021\/04\/KOR11.jpg\" alt=\"\" data-id=\"221\" data-full-url=\"https:\/\/portrait-puppen-malerei.com\/wp-content\/uploads\/2021\/04\/KOR11.jpg\" data-link=\"https:\/\/portrait-puppen-malerei.com\/?attachment_id=221\" class=\"wp-image-221\" srcset=\"https:\/\/portrait-puppen-malerei.com\/wp-content\/uploads\/2021\/04\/KOR11.jpg 639w, https:\/\/portrait-puppen-malerei.com\/wp-content\/uploads\/2021\/04\/KOR11-300x300.jpg 300w, https:\/\/portrait-puppen-malerei.com\/wp-content\/uploads\/2021\/04\/KOR11-150x150.jpg 150w\" sizes=\"(max-width: 639px) 100vw, 639px\" \/><\/figure><\/li><li class=\"blocks-gallery-item\"><figure><img decoding=\"async\" loading=\"lazy\" width=\"430\" height=\"640\" src=\"https:\/\/portrait-puppen-malerei.com\/wp-content\/uploads\/2021\/04\/KOR12.jpg\" alt=\"\" data-id=\"222\" data-full-url=\"https:\/\/portrait-puppen-malerei.com\/wp-content\/uploads\/2021\/04\/KOR12.jpg\" data-link=\"https:\/\/portrait-puppen-malerei.com\/?attachment_id=222\" class=\"wp-image-222\" srcset=\"https:\/\/portrait-puppen-malerei.com\/wp-content\/uploads\/2021\/04\/KOR12.jpg 430w, https:\/\/portrait-puppen-malerei.com\/wp-content\/uploads\/2021\/04\/KOR12-202x300.jpg 202w\" sizes=\"(max-width: 430px) 100vw, 430px\" \/><\/figure><\/li><li class=\"blocks-gallery-item\"><figure><img decoding=\"async\" loading=\"lazy\" width=\"353\" height=\"640\" src=\"https:\/\/portrait-puppen-malerei.com\/wp-content\/uploads\/2021\/04\/KOR14.jpg\" alt=\"\" data-id=\"223\" data-full-url=\"https:\/\/portrait-puppen-malerei.com\/wp-content\/uploads\/2021\/04\/KOR14.jpg\" data-link=\"https:\/\/portrait-puppen-malerei.com\/?attachment_id=223\" class=\"wp-image-223\" srcset=\"https:\/\/portrait-puppen-malerei.com\/wp-content\/uploads\/2021\/04\/KOR14.jpg 353w, https:\/\/portrait-puppen-malerei.com\/wp-content\/uploads\/2021\/04\/KOR14-165x300.jpg 165w\" sizes=\"(max-width: 353px) 100vw, 353px\" \/><\/figure><\/li><li class=\"blocks-gallery-item\"><figure><img decoding=\"async\" loading=\"lazy\" width=\"432\" height=\"640\" src=\"https:\/\/portrait-puppen-malerei.com\/wp-content\/uploads\/2021\/04\/KOR15.jpg\" alt=\"\" data-id=\"224\" data-full-url=\"https:\/\/portrait-puppen-malerei.com\/wp-content\/uploads\/2021\/04\/KOR15.jpg\" data-link=\"https:\/\/portrait-puppen-malerei.com\/?attachment_id=224\" class=\"wp-image-224\" srcset=\"https:\/\/portrait-puppen-malerei.com\/wp-content\/uploads\/2021\/04\/KOR15.jpg 432w, https:\/\/portrait-puppen-malerei.com\/wp-content\/uploads\/2021\/04\/KOR15-203x300.jpg 203w\" sizes=\"(max-width: 432px) 100vw, 432px\" \/><\/figure><\/li><li class=\"blocks-gallery-item\"><figure><img decoding=\"async\" loading=\"lazy\" width=\"560\" height=\"640\" src=\"https:\/\/portrait-puppen-malerei.com\/wp-content\/uploads\/2021\/04\/KOR16.jpg\" alt=\"\" data-id=\"225\" data-full-url=\"https:\/\/portrait-puppen-malerei.com\/wp-content\/uploads\/2021\/04\/KOR16.jpg\" data-link=\"https:\/\/portrait-puppen-malerei.com\/?attachment_id=225\" class=\"wp-image-225\" srcset=\"https:\/\/portrait-puppen-malerei.com\/wp-content\/uploads\/2021\/04\/KOR16.jpg 560w, https:\/\/portrait-puppen-malerei.com\/wp-content\/uploads\/2021\/04\/KOR16-263x300.jpg 263w\" sizes=\"(max-width: 560px) 100vw, 560px\" \/><\/figure><\/li><li class=\"blocks-gallery-item\"><figure><img decoding=\"async\" loading=\"lazy\" width=\"427\" height=\"640\" src=\"https:\/\/portrait-puppen-malerei.com\/wp-content\/uploads\/2021\/04\/KOR17.jpg\" alt=\"\" data-id=\"226\" data-full-url=\"https:\/\/portrait-puppen-malerei.com\/wp-content\/uploads\/2021\/04\/KOR17.jpg\" data-link=\"https:\/\/portrait-puppen-malerei.com\/?attachment_id=226\" class=\"wp-image-226\" srcset=\"https:\/\/portrait-puppen-malerei.com\/wp-content\/uploads\/2021\/04\/KOR17.jpg 427w, https:\/\/portrait-puppen-malerei.com\/wp-content\/uploads\/2021\/04\/KOR17-200x300.jpg 200w\" sizes=\"(max-width: 427px) 100vw, 427px\" \/><\/figure><\/li><li class=\"blocks-gallery-item\"><figure><img decoding=\"async\" loading=\"lazy\" width=\"438\" height=\"640\" src=\"https:\/\/portrait-puppen-malerei.com\/wp-content\/uploads\/2021\/04\/KOR18.jpg\" alt=\"\" data-id=\"227\" data-full-url=\"https:\/\/portrait-puppen-malerei.com\/wp-content\/uploads\/2021\/04\/KOR18.jpg\" data-link=\"https:\/\/portrait-puppen-malerei.com\/?attachment_id=227\" class=\"wp-image-227\" srcset=\"https:\/\/portrait-puppen-malerei.com\/wp-content\/uploads\/2021\/04\/KOR18.jpg 438w, https:\/\/portrait-puppen-malerei.com\/wp-content\/uploads\/2021\/04\/KOR18-205x300.jpg 205w\" sizes=\"(max-width: 438px) 100vw, 438px\" \/><\/figure><\/li><li class=\"blocks-gallery-item\"><figure><img decoding=\"async\" loading=\"lazy\" width=\"426\" height=\"640\" src=\"https:\/\/portrait-puppen-malerei.com\/wp-content\/uploads\/2021\/04\/KOR20.jpg\" alt=\"\" data-id=\"228\" data-full-url=\"https:\/\/portrait-puppen-malerei.com\/wp-content\/uploads\/2021\/04\/KOR20.jpg\" data-link=\"https:\/\/portrait-puppen-malerei.com\/?attachment_id=228\" class=\"wp-image-228\" srcset=\"https:\/\/portrait-puppen-malerei.com\/wp-content\/uploads\/2021\/04\/KOR20.jpg 426w, https:\/\/portrait-puppen-malerei.com\/wp-content\/uploads\/2021\/04\/KOR20-200x300.jpg 200w\" sizes=\"(max-width: 426px) 100vw, 426px\" \/><\/figure><\/li><li class=\"blocks-gallery-item\"><figure><img decoding=\"async\" loading=\"lazy\" width=\"422\" height=\"640\" src=\"https:\/\/portrait-puppen-malerei.com\/wp-content\/uploads\/2021\/04\/KOR21.jpg\" alt=\"\" data-id=\"229\" data-full-url=\"https:\/\/portrait-puppen-malerei.com\/wp-content\/uploads\/2021\/04\/KOR21.jpg\" data-link=\"https:\/\/portrait-puppen-malerei.com\/?attachment_id=229\" class=\"wp-image-229\" srcset=\"https:\/\/portrait-puppen-malerei.com\/wp-content\/uploads\/2021\/04\/KOR21.jpg 422w, https:\/\/portrait-puppen-malerei.com\/wp-content\/uploads\/2021\/04\/KOR21-198x300.jpg 198w\" sizes=\"(max-width: 422px) 100vw, 422px\" \/><\/figure><\/li><li class=\"blocks-gallery-item\"><figure><img decoding=\"async\" loading=\"lazy\" width=\"640\" height=\"446\" src=\"https:\/\/portrait-puppen-malerei.com\/wp-content\/uploads\/2021\/04\/KOR22.jpg\" alt=\"\" data-id=\"230\" data-full-url=\"https:\/\/portrait-puppen-malerei.com\/wp-content\/uploads\/2021\/04\/KOR22.jpg\" data-link=\"https:\/\/portrait-puppen-malerei.com\/?attachment_id=230\" class=\"wp-image-230\" srcset=\"https:\/\/portrait-puppen-malerei.com\/wp-content\/uploads\/2021\/04\/KOR22.jpg 640w, https:\/\/portrait-puppen-malerei.com\/wp-content\/uploads\/2021\/04\/KOR22-300x209.jpg 300w\" sizes=\"(max-width: 640px) 100vw, 640px\" \/><\/figure><\/li><li class=\"blocks-gallery-item\"><figure><img decoding=\"async\" loading=\"lazy\" width=\"524\" height=\"640\" src=\"https:\/\/portrait-puppen-malerei.com\/wp-content\/uploads\/2021\/04\/KOR23.jpg\" alt=\"\" data-id=\"231\" data-full-url=\"https:\/\/portrait-puppen-malerei.com\/wp-content\/uploads\/2021\/04\/KOR23.jpg\" data-link=\"https:\/\/portrait-puppen-malerei.com\/?attachment_id=231\" class=\"wp-image-231\" srcset=\"https:\/\/portrait-puppen-malerei.com\/wp-content\/uploads\/2021\/04\/KOR23.jpg 524w, https:\/\/portrait-puppen-malerei.com\/wp-content\/uploads\/2021\/04\/KOR23-246x300.jpg 246w\" sizes=\"(max-width: 524px) 100vw, 524px\" \/><\/figure><\/li><li class=\"blocks-gallery-item\"><figure><img decoding=\"async\" loading=\"lazy\" width=\"640\" height=\"431\" src=\"https:\/\/portrait-puppen-malerei.com\/wp-content\/uploads\/2021\/04\/KOR24.jpg\" alt=\"\" data-id=\"232\" data-full-url=\"https:\/\/portrait-puppen-malerei.com\/wp-content\/uploads\/2021\/04\/KOR24.jpg\" data-link=\"https:\/\/portrait-puppen-malerei.com\/?attachment_id=232\" class=\"wp-image-232\" srcset=\"https:\/\/portrait-puppen-malerei.com\/wp-content\/uploads\/2021\/04\/KOR24.jpg 640w, https:\/\/portrait-puppen-malerei.com\/wp-content\/uploads\/2021\/04\/KOR24-300x202.jpg 300w\" sizes=\"(max-width: 640px) 100vw, 640px\" \/><\/figure><\/li><li class=\"blocks-gallery-item\"><figure><img decoding=\"async\" loading=\"lazy\" width=\"482\" height=\"640\" src=\"https:\/\/portrait-puppen-malerei.com\/wp-content\/uploads\/2021\/04\/KOR25.jpg\" alt=\"\" data-id=\"233\" data-full-url=\"https:\/\/portrait-puppen-malerei.com\/wp-content\/uploads\/2021\/04\/KOR25.jpg\" data-link=\"https:\/\/portrait-puppen-malerei.com\/?attachment_id=233\" class=\"wp-image-233\" srcset=\"https:\/\/portrait-puppen-malerei.com\/wp-content\/uploads\/2021\/04\/KOR25.jpg 482w, https:\/\/portrait-puppen-malerei.com\/wp-content\/uploads\/2021\/04\/KOR25-226x300.jpg 226w\" sizes=\"(max-width: 482px) 100vw, 482px\" \/><\/figure><\/li><li class=\"blocks-gallery-item\"><figure><img decoding=\"async\" loading=\"lazy\" width=\"513\" height=\"640\" src=\"https:\/\/portrait-puppen-malerei.com\/wp-content\/uploads\/2021\/04\/KOR26.jpg\" alt=\"\" data-id=\"234\" data-full-url=\"https:\/\/portrait-puppen-malerei.com\/wp-content\/uploads\/2021\/04\/KOR26.jpg\" data-link=\"https:\/\/portrait-puppen-malerei.com\/?attachment_id=234\" class=\"wp-image-234\" srcset=\"https:\/\/portrait-puppen-malerei.com\/wp-content\/uploads\/2021\/04\/KOR26.jpg 513w, https:\/\/portrait-puppen-malerei.com\/wp-content\/uploads\/2021\/04\/KOR26-240x300.jpg 240w\" sizes=\"(max-width: 513px) 100vw, 513px\" \/><\/figure><\/li><li class=\"blocks-gallery-item\"><figure><img decoding=\"async\" loading=\"lazy\" width=\"449\" height=\"640\" src=\"https:\/\/portrait-puppen-malerei.com\/wp-content\/uploads\/2021\/04\/KOR27.jpg\" alt=\"\" data-id=\"235\" data-full-url=\"https:\/\/portrait-puppen-malerei.com\/wp-content\/uploads\/2021\/04\/KOR27.jpg\" data-link=\"https:\/\/portrait-puppen-malerei.com\/?attachment_id=235\" class=\"wp-image-235\" srcset=\"https:\/\/portrait-puppen-malerei.com\/wp-content\/uploads\/2021\/04\/KOR27.jpg 449w, https:\/\/portrait-puppen-malerei.com\/wp-content\/uploads\/2021\/04\/KOR27-210x300.jpg 210w\" sizes=\"(max-width: 449px) 100vw, 449px\" \/><\/figure><\/li><li class=\"blocks-gallery-item\"><figure><img decoding=\"async\" loading=\"lazy\" width=\"560\" height=\"640\" src=\"https:\/\/portrait-puppen-malerei.com\/wp-content\/uploads\/2021\/04\/KOR28.jpg\" alt=\"\" data-id=\"236\" data-full-url=\"https:\/\/portrait-puppen-malerei.com\/wp-content\/uploads\/2021\/04\/KOR28.jpg\" data-link=\"https:\/\/portrait-puppen-malerei.com\/?attachment_id=236\" class=\"wp-image-236\" srcset=\"https:\/\/portrait-puppen-malerei.com\/wp-content\/uploads\/2021\/04\/KOR28.jpg 560w, https:\/\/portrait-puppen-malerei.com\/wp-content\/uploads\/2021\/04\/KOR28-263x300.jpg 263w\" sizes=\"(max-width: 560px) 100vw, 560px\" \/><\/figure><\/li><li class=\"blocks-gallery-item\"><figure><img decoding=\"async\" loading=\"lazy\" width=\"441\" height=\"640\" src=\"https:\/\/portrait-puppen-malerei.com\/wp-content\/uploads\/2021\/04\/KOR29.jpg\" alt=\"\" data-id=\"237\" data-full-url=\"https:\/\/portrait-puppen-malerei.com\/wp-content\/uploads\/2021\/04\/KOR29.jpg\" data-link=\"https:\/\/portrait-puppen-malerei.com\/?attachment_id=237\" class=\"wp-image-237\" srcset=\"https:\/\/portrait-puppen-malerei.com\/wp-content\/uploads\/2021\/04\/KOR29.jpg 441w, https:\/\/portrait-puppen-malerei.com\/wp-content\/uploads\/2021\/04\/KOR29-207x300.jpg 207w\" sizes=\"(max-width: 441px) 100vw, 441px\" \/><\/figure><\/li><li class=\"blocks-gallery-item\"><figure><img decoding=\"async\" loading=\"lazy\" width=\"533\" height=\"640\" src=\"https:\/\/portrait-puppen-malerei.com\/wp-content\/uploads\/2021\/04\/KOR30.jpg\" alt=\"\" data-id=\"238\" data-full-url=\"https:\/\/portrait-puppen-malerei.com\/wp-content\/uploads\/2021\/04\/KOR30.jpg\" data-link=\"https:\/\/portrait-puppen-malerei.com\/?attachment_id=238\" class=\"wp-image-238\" srcset=\"https:\/\/portrait-puppen-malerei.com\/wp-content\/uploads\/2021\/04\/KOR30.jpg 533w, https:\/\/portrait-puppen-malerei.com\/wp-content\/uploads\/2021\/04\/KOR30-250x300.jpg 250w\" sizes=\"(max-width: 533px) 100vw, 533px\" \/><\/figure><\/li><li class=\"blocks-gallery-item\"><figure><img decoding=\"async\" loading=\"lazy\" width=\"412\" height=\"640\" src=\"https:\/\/portrait-puppen-malerei.com\/wp-content\/uploads\/2021\/04\/KOR31.jpg\" alt=\"\" data-id=\"239\" data-full-url=\"https:\/\/portrait-puppen-malerei.com\/wp-content\/uploads\/2021\/04\/KOR31.jpg\" data-link=\"https:\/\/portrait-puppen-malerei.com\/?attachment_id=239\" class=\"wp-image-239\" srcset=\"https:\/\/portrait-puppen-malerei.com\/wp-content\/uploads\/2021\/04\/KOR31.jpg 412w, https:\/\/portrait-puppen-malerei.com\/wp-content\/uploads\/2021\/04\/KOR31-193x300.jpg 193w\" sizes=\"(max-width: 412px) 100vw, 412px\" \/><\/figure><\/li><li class=\"blocks-gallery-item\"><figure><img decoding=\"async\" loading=\"lazy\" width=\"427\" height=\"640\" src=\"https:\/\/portrait-puppen-malerei.com\/wp-content\/uploads\/2021\/04\/KOR32.jpg\" alt=\"\" data-id=\"240\" data-full-url=\"https:\/\/portrait-puppen-malerei.com\/wp-content\/uploads\/2021\/04\/KOR32.jpg\" data-link=\"https:\/\/portrait-puppen-malerei.com\/?attachment_id=240\" class=\"wp-image-240\" srcset=\"https:\/\/portrait-puppen-malerei.com\/wp-content\/uploads\/2021\/04\/KOR32.jpg 427w, https:\/\/portrait-puppen-malerei.com\/wp-content\/uploads\/2021\/04\/KOR32-200x300.jpg 200w\" sizes=\"(max-width: 427px) 100vw, 427px\" \/><\/figure><\/li><li class=\"blocks-gallery-item\"><figure><img decoding=\"async\" loading=\"lazy\" width=\"477\" height=\"640\" src=\"https:\/\/portrait-puppen-malerei.com\/wp-content\/uploads\/2021\/04\/KOR33.jpg\" alt=\"\" data-id=\"241\" data-full-url=\"https:\/\/portrait-puppen-malerei.com\/wp-content\/uploads\/2021\/04\/KOR33.jpg\" data-link=\"https:\/\/portrait-puppen-malerei.com\/?attachment_id=241\" class=\"wp-image-241\" srcset=\"https:\/\/portrait-puppen-malerei.com\/wp-content\/uploads\/2021\/04\/KOR33.jpg 477w, https:\/\/portrait-puppen-malerei.com\/wp-content\/uploads\/2021\/04\/KOR33-224x300.jpg 224w\" sizes=\"(max-width: 477px) 100vw, 477px\" \/><\/figure><\/li><li class=\"blocks-gallery-item\"><figure><img decoding=\"async\" loading=\"lazy\" width=\"571\" height=\"640\" src=\"https:\/\/portrait-puppen-malerei.com\/wp-content\/uploads\/2021\/04\/KOR34.jpg\" alt=\"\" data-id=\"242\" data-full-url=\"https:\/\/portrait-puppen-malerei.com\/wp-content\/uploads\/2021\/04\/KOR34.jpg\" data-link=\"https:\/\/portrait-puppen-malerei.com\/?attachment_id=242\" class=\"wp-image-242\" srcset=\"https:\/\/portrait-puppen-malerei.com\/wp-content\/uploads\/2021\/04\/KOR34.jpg 571w, https:\/\/portrait-puppen-malerei.com\/wp-content\/uploads\/2021\/04\/KOR34-268x300.jpg 268w\" sizes=\"(max-width: 571px) 100vw, 571px\" \/><\/figure><\/li><li class=\"blocks-gallery-item\"><figure><img decoding=\"async\" loading=\"lazy\" width=\"370\" height=\"640\" src=\"https:\/\/portrait-puppen-malerei.com\/wp-content\/uploads\/2021\/04\/KOR35.jpg\" alt=\"\" data-id=\"243\" data-full-url=\"https:\/\/portrait-puppen-malerei.com\/wp-content\/uploads\/2021\/04\/KOR35.jpg\" data-link=\"https:\/\/portrait-puppen-malerei.com\/?attachment_id=243\" class=\"wp-image-243\" srcset=\"https:\/\/portrait-puppen-malerei.com\/wp-content\/uploads\/2021\/04\/KOR35.jpg 370w, https:\/\/portrait-puppen-malerei.com\/wp-content\/uploads\/2021\/04\/KOR35-173x300.jpg 173w\" sizes=\"(max-width: 370px) 100vw, 370px\" \/><\/figure><\/li><\/ul><\/figure>\n","protected":false},"excerpt":{"rendered":"<p>Im Jahr 1997 wurde ich mit der Fertigung lebensgro\u00dfer Figuren im Figurenkabinett Koryph\u00e4um betraut. Das Koryph\u00e4um auf Burg Forchtenstein Burgenland ein von der EU gef\u00f6rdertes Projekt entstand. &#8220;Weltweit einzigartig sind im Koryph\u00e4um einige der bedeutesten Gem\u00e4lde der Geschichte abendl\u00e4ndischer Malkunst dargestellt. Es sind begehbare Meisterwerke in einer dreidimensionalen Bildergalerie, figurale Kompositionen, die dem Original des [&hellip;]<\/p>\n","protected":false},"author":1,"featured_media":0,"parent":0,"menu_order":0,"comment_status":"closed","ping_status":"closed","template":"","meta":[],"_links":{"self":[{"href":"https:\/\/portrait-puppen-malerei.com\/index.php?rest_route=\/wp\/v2\/pages\/17"}],"collection":[{"href":"https:\/\/portrait-puppen-malerei.com\/index.php?rest_route=\/wp\/v2\/pages"}],"about":[{"href":"https:\/\/portrait-puppen-malerei.com\/index.php?rest_route=\/wp\/v2\/types\/page"}],"author":[{"embeddable":true,"href":"https:\/\/portrait-puppen-malerei.com\/index.php?rest_route=\/wp\/v2\/users\/1"}],"replies":[{"embeddable":true,"href":"https:\/\/portrait-puppen-malerei.com\/index.php?rest_route=%2Fwp%2Fv2%2Fcomments&post=17"}],"version-history":[{"count":2,"href":"https:\/\/portrait-puppen-malerei.com\/index.php?rest_route=\/wp\/v2\/pages\/17\/revisions"}],"predecessor-version":[{"id":244,"href":"https:\/\/portrait-puppen-malerei.com\/index.php?rest_route=\/wp\/v2\/pages\/17\/revisions\/244"}],"wp:attachment":[{"href":"https:\/\/portrait-puppen-malerei.com\/index.php?rest_route=%2Fwp%2Fv2%2Fmedia&parent=17"}],"curies":[{"name":"wp","href":"https:\/\/api.w.org\/{rel}","templated":true}]}}