{"id":22,"date":"2021-03-29T17:12:01","date_gmt":"2021-03-29T17:12:01","guid":{"rendered":"https:\/\/portrait-puppen-malerei.com\/?page_id=22"},"modified":"2021-04-06T16:35:34","modified_gmt":"2021-04-06T16:35:34","slug":"altmeistertechnik","status":"publish","type":"page","link":"https:\/\/portrait-puppen-malerei.com\/?page_id=22","title":{"rendered":"\u00d6lmalerei in Altmeistertechnik"},"content":{"rendered":"\n<p>Stillleben alter fl\u00e4mischer Meister sind eine geheime Leidenschaft, in der es immer Neues zu entdecken gibt. Es handelt sich hier um eine sehr aufwendige Maltechnik, die v\u00f6llige Konzentration und auch Fingerspitzengef\u00fchl verlangt. Sie erm\u00f6glicht damit ein Eintauchen in die Malerei, wo Stunden, wie Minuten erscheinen. Eine geradezu meditative Auseinandersetzung mit der Kunst. Meine besondere Leidenschaft liegt hierbei, in der Umsetzung neuer, eigener Ideen, so dass das strenge Konzept der alten Meister unterlaufen wird und Neues entstehen kann.<\/p>\n\n\n\n<figure class=\"is-layout-flex wp-block-gallery-1 wp-block-gallery columns-3\"><ul class=\"blocks-gallery-grid\"><li class=\"blocks-gallery-item\"><figure><img decoding=\"async\" loading=\"lazy\" width=\"468\" height=\"602\" src=\"https:\/\/portrait-puppen-malerei.com\/wp-content\/uploads\/2021\/04\/ALT01.jpg\" alt=\"\" data-id=\"268\" data-full-url=\"https:\/\/portrait-puppen-malerei.com\/wp-content\/uploads\/2021\/04\/ALT01.jpg\" data-link=\"https:\/\/portrait-puppen-malerei.com\/?attachment_id=268\" class=\"wp-image-268\" srcset=\"https:\/\/portrait-puppen-malerei.com\/wp-content\/uploads\/2021\/04\/ALT01.jpg 468w, https:\/\/portrait-puppen-malerei.com\/wp-content\/uploads\/2021\/04\/ALT01-233x300.jpg 233w\" sizes=\"(max-width: 468px) 100vw, 468px\" \/><\/figure><\/li><li class=\"blocks-gallery-item\"><figure><img decoding=\"async\" loading=\"lazy\" width=\"457\" height=\"640\" src=\"https:\/\/portrait-puppen-malerei.com\/wp-content\/uploads\/2021\/04\/ALT02.jpg\" alt=\"\" data-id=\"269\" data-full-url=\"https:\/\/portrait-puppen-malerei.com\/wp-content\/uploads\/2021\/04\/ALT02.jpg\" data-link=\"https:\/\/portrait-puppen-malerei.com\/?attachment_id=269\" class=\"wp-image-269\" srcset=\"https:\/\/portrait-puppen-malerei.com\/wp-content\/uploads\/2021\/04\/ALT02.jpg 457w, https:\/\/portrait-puppen-malerei.com\/wp-content\/uploads\/2021\/04\/ALT02-214x300.jpg 214w\" sizes=\"(max-width: 457px) 100vw, 457px\" \/><\/figure><\/li><li class=\"blocks-gallery-item\"><figure><img decoding=\"async\" loading=\"lazy\" width=\"510\" height=\"640\" src=\"https:\/\/portrait-puppen-malerei.com\/wp-content\/uploads\/2021\/04\/ALT03.jpg\" alt=\"\" data-id=\"270\" data-full-url=\"https:\/\/portrait-puppen-malerei.com\/wp-content\/uploads\/2021\/04\/ALT03.jpg\" data-link=\"https:\/\/portrait-puppen-malerei.com\/?attachment_id=270\" class=\"wp-image-270\" srcset=\"https:\/\/portrait-puppen-malerei.com\/wp-content\/uploads\/2021\/04\/ALT03.jpg 510w, https:\/\/portrait-puppen-malerei.com\/wp-content\/uploads\/2021\/04\/ALT03-239x300.jpg 239w\" sizes=\"(max-width: 510px) 100vw, 510px\" \/><\/figure><\/li><li class=\"blocks-gallery-item\"><figure><img decoding=\"async\" loading=\"lazy\" width=\"369\" height=\"506\" src=\"https:\/\/portrait-puppen-malerei.com\/wp-content\/uploads\/2021\/04\/ALT05.jpg\" alt=\"\" data-id=\"271\" data-full-url=\"https:\/\/portrait-puppen-malerei.com\/wp-content\/uploads\/2021\/04\/ALT05.jpg\" data-link=\"https:\/\/portrait-puppen-malerei.com\/?attachment_id=271\" class=\"wp-image-271\" srcset=\"https:\/\/portrait-puppen-malerei.com\/wp-content\/uploads\/2021\/04\/ALT05.jpg 369w, https:\/\/portrait-puppen-malerei.com\/wp-content\/uploads\/2021\/04\/ALT05-219x300.jpg 219w\" sizes=\"(max-width: 369px) 100vw, 369px\" \/><\/figure><\/li><li class=\"blocks-gallery-item\"><figure><img decoding=\"async\" loading=\"lazy\" width=\"431\" height=\"600\" src=\"https:\/\/portrait-puppen-malerei.com\/wp-content\/uploads\/2021\/04\/ALT06.jpg\" alt=\"\" data-id=\"272\" data-full-url=\"https:\/\/portrait-puppen-malerei.com\/wp-content\/uploads\/2021\/04\/ALT06.jpg\" data-link=\"https:\/\/portrait-puppen-malerei.com\/?attachment_id=272\" class=\"wp-image-272\" srcset=\"https:\/\/portrait-puppen-malerei.com\/wp-content\/uploads\/2021\/04\/ALT06.jpg 431w, https:\/\/portrait-puppen-malerei.com\/wp-content\/uploads\/2021\/04\/ALT06-216x300.jpg 216w\" sizes=\"(max-width: 431px) 100vw, 431px\" \/><\/figure><\/li><li class=\"blocks-gallery-item\"><figure><img decoding=\"async\" loading=\"lazy\" width=\"405\" height=\"600\" src=\"https:\/\/portrait-puppen-malerei.com\/wp-content\/uploads\/2021\/04\/ALT07.jpg\" alt=\"\" data-id=\"273\" data-full-url=\"https:\/\/portrait-puppen-malerei.com\/wp-content\/uploads\/2021\/04\/ALT07.jpg\" data-link=\"https:\/\/portrait-puppen-malerei.com\/?attachment_id=273\" class=\"wp-image-273\" srcset=\"https:\/\/portrait-puppen-malerei.com\/wp-content\/uploads\/2021\/04\/ALT07.jpg 405w, https:\/\/portrait-puppen-malerei.com\/wp-content\/uploads\/2021\/04\/ALT07-203x300.jpg 203w\" sizes=\"(max-width: 405px) 100vw, 405px\" \/><\/figure><\/li><li class=\"blocks-gallery-item\"><figure><img decoding=\"async\" loading=\"lazy\" width=\"314\" height=\"640\" src=\"https:\/\/portrait-puppen-malerei.com\/wp-content\/uploads\/2021\/04\/ALT08.jpg\" alt=\"\" data-id=\"274\" data-full-url=\"https:\/\/portrait-puppen-malerei.com\/wp-content\/uploads\/2021\/04\/ALT08.jpg\" data-link=\"https:\/\/portrait-puppen-malerei.com\/?attachment_id=274\" class=\"wp-image-274\" srcset=\"https:\/\/portrait-puppen-malerei.com\/wp-content\/uploads\/2021\/04\/ALT08.jpg 314w, https:\/\/portrait-puppen-malerei.com\/wp-content\/uploads\/2021\/04\/ALT08-147x300.jpg 147w\" sizes=\"(max-width: 314px) 100vw, 314px\" \/><\/figure><\/li><li class=\"blocks-gallery-item\"><figure><img decoding=\"async\" loading=\"lazy\" width=\"344\" height=\"640\" src=\"https:\/\/portrait-puppen-malerei.com\/wp-content\/uploads\/2021\/04\/ALT09.jpg\" alt=\"\" data-id=\"275\" data-full-url=\"https:\/\/portrait-puppen-malerei.com\/wp-content\/uploads\/2021\/04\/ALT09.jpg\" data-link=\"https:\/\/portrait-puppen-malerei.com\/?attachment_id=275\" class=\"wp-image-275\" srcset=\"https:\/\/portrait-puppen-malerei.com\/wp-content\/uploads\/2021\/04\/ALT09.jpg 344w, https:\/\/portrait-puppen-malerei.com\/wp-content\/uploads\/2021\/04\/ALT09-161x300.jpg 161w\" sizes=\"(max-width: 344px) 100vw, 344px\" \/><\/figure><\/li><li class=\"blocks-gallery-item\"><figure><img decoding=\"async\" loading=\"lazy\" width=\"633\" height=\"502\" src=\"https:\/\/portrait-puppen-malerei.com\/wp-content\/uploads\/2021\/04\/ALT10.jpg\" alt=\"\" data-id=\"276\" data-full-url=\"https:\/\/portrait-puppen-malerei.com\/wp-content\/uploads\/2021\/04\/ALT10.jpg\" data-link=\"https:\/\/portrait-puppen-malerei.com\/?attachment_id=276\" class=\"wp-image-276\" srcset=\"https:\/\/portrait-puppen-malerei.com\/wp-content\/uploads\/2021\/04\/ALT10.jpg 633w, https:\/\/portrait-puppen-malerei.com\/wp-content\/uploads\/2021\/04\/ALT10-300x238.jpg 300w\" sizes=\"(max-width: 633px) 100vw, 633px\" \/><\/figure><\/li><\/ul><\/figure>\n","protected":false},"excerpt":{"rendered":"<p>Stillleben alter fl\u00e4mischer Meister sind eine geheime Leidenschaft, in der es immer Neues zu entdecken gibt. Es handelt sich hier um eine sehr aufwendige Maltechnik, die v\u00f6llige Konzentration und auch Fingerspitzengef\u00fchl verlangt. Sie erm\u00f6glicht damit ein Eintauchen in die Malerei, wo Stunden, wie Minuten erscheinen. Eine geradezu meditative Auseinandersetzung mit der Kunst. Meine besondere Leidenschaft [&hellip;]<\/p>\n","protected":false},"author":1,"featured_media":0,"parent":0,"menu_order":0,"comment_status":"closed","ping_status":"closed","template":"","meta":[],"_links":{"self":[{"href":"https:\/\/portrait-puppen-malerei.com\/index.php?rest_route=\/wp\/v2\/pages\/22"}],"collection":[{"href":"https:\/\/portrait-puppen-malerei.com\/index.php?rest_route=\/wp\/v2\/pages"}],"about":[{"href":"https:\/\/portrait-puppen-malerei.com\/index.php?rest_route=\/wp\/v2\/types\/page"}],"author":[{"embeddable":true,"href":"https:\/\/portrait-puppen-malerei.com\/index.php?rest_route=\/wp\/v2\/users\/1"}],"replies":[{"embeddable":true,"href":"https:\/\/portrait-puppen-malerei.com\/index.php?rest_route=%2Fwp%2Fv2%2Fcomments&post=22"}],"version-history":[{"count":2,"href":"https:\/\/portrait-puppen-malerei.com\/index.php?rest_route=\/wp\/v2\/pages\/22\/revisions"}],"predecessor-version":[{"id":278,"href":"https:\/\/portrait-puppen-malerei.com\/index.php?rest_route=\/wp\/v2\/pages\/22\/revisions\/278"}],"wp:attachment":[{"href":"https:\/\/portrait-puppen-malerei.com\/index.php?rest_route=%2Fwp%2Fv2%2Fmedia&parent=22"}],"curies":[{"name":"wp","href":"https:\/\/api.w.org\/{rel}","templated":true}]}}